{"id":103,"date":"2022-04-17T12:01:29","date_gmt":"2022-04-17T10:01:29","guid":{"rendered":"https:\/\/biohofladen.ch\/?page_id=103"},"modified":"2022-04-19T16:49:30","modified_gmt":"2022-04-19T14:49:30","slug":"saisonbox","status":"publish","type":"page","link":"https:\/\/biohofladen.ch\/?page_id=103","title":{"rendered":"Saisonbox"},"content":{"rendered":"\n<div style=\"height:50px\" aria-hidden=\"true\" class=\"wp-block-spacer\"><\/div>\n\n\n\n<div style=\"height:100px\" aria-hidden=\"true\" class=\"wp-block-spacer\"><\/div>\n\n\n\n<p class=\"has-sitebg-background-color has-background\" style=\"font-size:25px\">Du kannst dir dein Gem\u00fcse bequem mit einem Abo nach Hause liefern lassen.<br>Klicke dazu <span class=\"uppercase\"><a rel=\"noreferrer noopener\" href=\"https:\/\/saisonbox.ch\/\" data-type=\"URL\" data-id=\"https:\/\/saisonbox.ch\/\" target=\"_blank\">hier<\/a> <\/span>um Dich zu registrieren oder lade dir die App in deinem <a rel=\"noreferrer noopener\" href=\"https:\/\/apps.apple.com\/ch\/app\/saisonbox\/id1504056341\" target=\"_blank\"><span class=\"uppercase\">AppStore <\/span><\/a>oder auf <a rel=\"noreferrer noopener\" href=\"https:\/\/play.google.com\/store\/apps\/details?id=ch.saisonbox.android\" target=\"_blank\"><span class=\"uppercase\">GooglePlay <\/span><\/a>herunter.<\/p>\n\n\n\n<p class=\"has-sitebg-background-color has-background\" style=\"font-size:25px\">Die Saisonboxen sind in 3 Gr\u00f6ssen bestellbar und werden w\u00f6chentlich mit Saisonalem Gem\u00fcse gef\u00fcllt.<br><br>Saisonbox small:         1-2 Personen<br>Saisonbox medium:     3-4 Personen<br>Saisonbox large:          5-6 Personen<\/p>\n\n\n\n<p><\/p>\n\n\n\n<div style=\"height:50px\" aria-hidden=\"true\" class=\"wp-block-spacer\"><\/div>\n\n\n\n<div class=\"wp-block-image is-style-default\"><figure class=\"aligncenter size-large\"><a href=\"https:\/\/saisonbox.ch\/\" target=\"_blank\" rel=\"noopener\"><img loading=\"lazy\" decoding=\"async\" width=\"1024\" height=\"313\" src=\"https:\/\/biohofladen.ch\/wp-content\/uploads\/2022\/04\/Saisonbox-1024x313.png\" alt=\"\" class=\"wp-image-352\" srcset=\"https:\/\/biohofladen.ch\/wp-content\/uploads\/2022\/04\/Saisonbox-1024x313.png 1024w, https:\/\/biohofladen.ch\/wp-content\/uploads\/2022\/04\/Saisonbox-300x92.png 300w, https:\/\/biohofladen.ch\/wp-content\/uploads\/2022\/04\/Saisonbox-768x235.png 768w, https:\/\/biohofladen.ch\/wp-content\/uploads\/2022\/04\/Saisonbox-583x178.png 583w, https:\/\/biohofladen.ch\/wp-content\/uploads\/2022\/04\/Saisonbox-600x184.png 600w, https:\/\/biohofladen.ch\/wp-content\/uploads\/2022\/04\/Saisonbox.png 1412w\" sizes=\"auto, (max-width: 1024px) 100vw, 1024px\" \/><\/a><\/figure><\/div>\n\n\n\n<div style=\"height:100px\" aria-hidden=\"true\" class=\"wp-block-spacer\"><\/div>\n\n\n\n<div style=\"height:100px\" aria-hidden=\"true\" class=\"wp-block-spacer\"><\/div>\n","protected":false},"excerpt":{"rendered":"<p>Du kannst dir dein Gem\u00fcse bequem mit einem Abo nach Hause liefern lassen.Klicke dazu hier um Dich zu registrieren oder lade dir die App in &hellip;<\/p>\n","protected":false},"author":1,"featured_media":0,"parent":0,"menu_order":0,"comment_status":"closed","ping_status":"closed","template":"template-page-builder.php","meta":{"_acf_changed":false,"_coblocks_attr":"","_coblocks_dimensions":"","_coblocks_responsive_height":"","_coblocks_accordion_ie_support":"","footnotes":""},"class_list":["post-103","page","type-page","status-publish","hentry"],"acf":[],"_links":{"self":[{"href":"https:\/\/biohofladen.ch\/index.php?rest_route=\/wp\/v2\/pages\/103","targetHints":{"allow":["GET"]}}],"collection":[{"href":"https:\/\/biohofladen.ch\/index.php?rest_route=\/wp\/v2\/pages"}],"about":[{"href":"https:\/\/biohofladen.ch\/index.php?rest_route=\/wp\/v2\/types\/page"}],"author":[{"embeddable":true,"href":"https:\/\/biohofladen.ch\/index.php?rest_route=\/wp\/v2\/users\/1"}],"replies":[{"embeddable":true,"href":"https:\/\/biohofladen.ch\/index.php?rest_route=%2Fwp%2Fv2%2Fcomments&post=103"}],"version-history":[{"count":17,"href":"https:\/\/biohofladen.ch\/index.php?rest_route=\/wp\/v2\/pages\/103\/revisions"}],"predecessor-version":[{"id":388,"href":"https:\/\/biohofladen.ch\/index.php?rest_route=\/wp\/v2\/pages\/103\/revisions\/388"}],"wp:attachment":[{"href":"https:\/\/biohofladen.ch\/index.php?rest_route=%2Fwp%2Fv2%2Fmedia&parent=103"}],"curies":[{"name":"wp","href":"https:\/\/api.w.org\/{rel}","templated":true}]}}