{"id":101,"date":"2022-04-17T12:01:13","date_gmt":"2022-04-17T10:01:13","guid":{"rendered":"https:\/\/biohofladen.ch\/?page_id=101"},"modified":"2022-05-01T13:00:04","modified_gmt":"2022-05-01T11:00:04","slug":"hofladen","status":"publish","type":"page","link":"https:\/\/biohofladen.ch\/?page_id=101","title":{"rendered":"Hofladen"},"content":{"rendered":"\n<p><\/p>\n\n\n\n<div style=\"height:100px\" aria-hidden=\"true\" class=\"wp-block-spacer\"><\/div>\n\n\n\n<p class=\"has-text-align-left has-sitebg-background-color has-background has-large-font-size\">Diese Produkte findest du in unserem Hofladen:<\/p>\n\n\n\n<div style=\"height:50px\" aria-hidden=\"true\" class=\"wp-block-spacer\"><\/div>\n\n\n\n<div class=\"wp-block-media-text alignfull has-media-on-the-right is-stacked-on-mobile is-style-default\" style=\"grid-template-columns:auto 41%\"><figure class=\"wp-block-media-text__media\"><img loading=\"lazy\" decoding=\"async\" width=\"1024\" height=\"768\" src=\"https:\/\/biohofladen.ch\/wp-content\/uploads\/2022\/04\/Brot-1024x768.jpg\" alt=\"\" class=\"wp-image-315 size-large\" srcset=\"https:\/\/biohofladen.ch\/wp-content\/uploads\/2022\/04\/Brot-1024x768.jpg 1024w, https:\/\/biohofladen.ch\/wp-content\/uploads\/2022\/04\/Brot-300x225.jpg 300w, https:\/\/biohofladen.ch\/wp-content\/uploads\/2022\/04\/Brot-768x576.jpg 768w, https:\/\/biohofladen.ch\/wp-content\/uploads\/2022\/04\/Brot-1536x1152.jpg 1536w, https:\/\/biohofladen.ch\/wp-content\/uploads\/2022\/04\/Brot-400x300.jpg 400w, https:\/\/biohofladen.ch\/wp-content\/uploads\/2022\/04\/Brot-600x450.jpg 600w, https:\/\/biohofladen.ch\/wp-content\/uploads\/2022\/04\/Brot.jpg 2048w\" sizes=\"auto, (max-width: 1024px) 100vw, 1024px\" \/><\/figure><div class=\"wp-block-media-text__content\">\n<ul class=\"has-accent-1-color has-sitebg-background-color has-text-color has-background wp-block-list\" style=\"font-size:25px\"><li>Saisonales Gem\u00fcse \u2013 Direkt von unseren Feldern<\/li><li>Nofoodwaste-Gem\u00fcse \u2013 Gem\u00fcse, das nicht der Norm entspricht<\/li><li>Handgemachte Brote & Backwaren<\/li><li>Mehl<\/li><li>Kaffee<\/li><li>Gew\u00fcrze<\/li><li>\u00d6l<\/li><li>Milchprodukte<\/li><li>\u2026<\/li><\/ul>\n<\/div><\/div>\n\n\n\n<div style=\"height:50px\" aria-hidden=\"true\" class=\"wp-block-spacer\"><\/div>\n\n\n\n<p class=\"has-sitebg-background-color has-background\" style=\"font-size:25px\">All unsere vertriebenen Produkte stammen von unserem Hof, von H\u00f6fen aus der Region und sind zu 100% aus Biologischem Anbau. Wir w\u00fcrden uns freuen, dich auf unserem Hof zu begr\u00fcssen.<br><br>\u00d6ffnungszeiten:<br>Dienstag:   09.00 \u2013 11.00 Uhr<br>Freitag:      09.00 \u2013 11.30 Uhr \/ 18.00 \u2013 19.00 Uhr<\/p>\n\n\n\n<p><\/p>\n\n\n\n<div style=\"height:50px\" aria-hidden=\"true\" class=\"wp-block-spacer\"><\/div>\n\n\n\n<div style=\"min-height:400px\" data-map-attr=\"\/qaddress\/q:\/qDorfstrasse 42 5054 Kirchleerau\/q||\/qlat\/q:\/qundefined\/q||\/qlng\/q:\/qundefined\/q||\/qskin\/q:\/qstandard\/q||\/qzoom\/q:\/q12\/q||\/qiconSize\/q:\/q36\/q||\/qmapTypeControl\/q:\/qtrue\/q||\/qzoomControl\/q:\/qtrue\/q||\/qstreetViewControl\/q:\/qtrue\/q||\/qfullscreenControl\/q:\/qtrue\/q\" class=\"wp-block-coblocks-map alignfull\"><iframe title=\"Google Map\" frameborder=\"0\" style=\"width:100%;min-height:400px\" src=\"https:\/\/www.google.com\/maps?q=Dorfstrasse%2042%205054%20Kirchleerau&output=embed&hl=de-DE&z=12\"><\/iframe><\/div>\n\n\n\n<div style=\"height:100px\" aria-hidden=\"true\" class=\"wp-block-spacer\"><\/div>\n\n\n\n<p><\/p>\n","protected":false},"excerpt":{"rendered":"<p>Diese Produkte findest du in unserem Hofladen: Saisonales Gem\u00fcse \u2013 Direkt von unseren Feldern Nofoodwaste-Gem\u00fcse \u2013 Gem\u00fcse, das nicht der Norm entspricht Handgemachte Brote &#038; &hellip;<\/p>\n","protected":false},"author":1,"featured_media":0,"parent":0,"menu_order":0,"comment_status":"closed","ping_status":"closed","template":"template-page-builder.php","meta":{"_acf_changed":false,"_coblocks_attr":"","_coblocks_dimensions":"","_coblocks_responsive_height":"","_coblocks_accordion_ie_support":"","footnotes":""},"class_list":["post-101","page","type-page","status-publish","hentry"],"acf":[],"jetpack_sharing_enabled":true,"_links":{"self":[{"href":"https:\/\/biohofladen.ch\/index.php?rest_route=\/wp\/v2\/pages\/101","targetHints":{"allow":["GET"]}}],"collection":[{"href":"https:\/\/biohofladen.ch\/index.php?rest_route=\/wp\/v2\/pages"}],"about":[{"href":"https:\/\/biohofladen.ch\/index.php?rest_route=\/wp\/v2\/types\/page"}],"author":[{"embeddable":true,"href":"https:\/\/biohofladen.ch\/index.php?rest_route=\/wp\/v2\/users\/1"}],"replies":[{"embeddable":true,"href":"https:\/\/biohofladen.ch\/index.php?rest_route=%2Fwp%2Fv2%2Fcomments&post=101"}],"version-history":[{"count":20,"href":"https:\/\/biohofladen.ch\/index.php?rest_route=\/wp\/v2\/pages\/101\/revisions"}],"predecessor-version":[{"id":427,"href":"https:\/\/biohofladen.ch\/index.php?rest_route=\/wp\/v2\/pages\/101\/revisions\/427"}],"wp:attachment":[{"href":"https:\/\/biohofladen.ch\/index.php?rest_route=%2Fwp%2Fv2%2Fmedia&parent=101"}],"curies":[{"name":"wp","href":"https:\/\/api.w.org\/{rel}","templated":true}]}}